{"id":157,"date":"2019-09-17T09:09:55","date_gmt":"2019-09-17T07:09:55","guid":{"rendered":"https:\/\/biloba-it.bilobahost.de\/?page_id=157"},"modified":"2023-03-28T14:43:18","modified_gmt":"2023-03-28T12:43:18","slug":"imprint","status":"publish","type":"page","link":"https:\/\/www.biloba-it.de\/en\/impressum\/","title":{"rendered":"Imprint"},"content":{"rendered":"<style>.kb-row-layout-wrap.wp-block-kadence-rowlayout.kb-row-layout-id_38ba51-fe{margin-bottom:25px;}.kb-row-layout-id_38ba51-fe > .kt-row-column-wrap{align-content:start;}:where(.kb-row-layout-id_38ba51-fe > .kt-row-column-wrap) > .wp-block-kadence-column{justify-content:start;}.kb-row-layout-id_38ba51-fe > .kt-row-column-wrap{column-gap:var(--global-kb-gap-md, 2rem);row-gap:var(--global-kb-gap-md, 2rem);max-width:var( --global-content-width, 1240px );padding-left:var(--global-content-edge-padding);padding-right:var(--global-content-edge-padding);padding-top:50px;padding-bottom:20px;grid-template-columns:minmax(0, 1fr);}.kb-row-layout-id_38ba51-fe > .kt-row-layout-overlay{opacity:0.00;background:linear-gradient(180deg, var(--global-palette1) 0%, var(--global-palette9) 100%);mix-blend-mode:normal;}@media all and (max-width: 1024px){.kb-row-layout-id_38ba51-fe > .kt-row-column-wrap{grid-template-columns:minmax(0, 1fr);}}@media all and (max-width: 767px){.kb-row-layout-id_38ba51-fe > .kt-row-column-wrap{grid-template-columns:minmax(0, 1fr);}}<\/style><div class=\"kb-row-layout-wrap kb-row-layout-id_38ba51-fe alignfull kt-row-has-bg wp-block-kadence-rowlayout\"><div class=\"kt-row-layout-overlay kt-row-overlay-gradient\"><\/div><div class=\"kt-row-column-wrap kt-has-1-columns kt-row-layout-equal kt-tab-layout-inherit kt-mobile-layout-row kt-row-valign-top kb-theme-content-width\">\n<style>.kadence-column_ad319d-d3 > .kt-inside-inner-col,.kadence-column_ad319d-d3 > .kt-inside-inner-col:before{border-top-left-radius:0px;border-top-right-radius:0px;border-bottom-right-radius:0px;border-bottom-left-radius:0px;}.kadence-column_ad319d-d3 > .kt-inside-inner-col{column-gap:var(--global-kb-gap-sm, 1rem);}.kadence-column_ad319d-d3 > .kt-inside-inner-col{flex-direction:column;}.kadence-column_ad319d-d3 > .kt-inside-inner-col > .aligncenter{width:100%;}.kadence-column_ad319d-d3 > .kt-inside-inner-col:before{opacity:0.3;}.kadence-column_ad319d-d3{position:relative;}@media all and (max-width: 1024px){.kadence-column_ad319d-d3 > .kt-inside-inner-col{flex-direction:column;justify-content:center;}}@media all and (max-width: 767px){.kadence-column_ad319d-d3 > .kt-inside-inner-col{flex-direction:column;justify-content:center;}}<\/style>\n<div class=\"wp-block-kadence-column kadence-column_ad319d-d3 inner-column-1\"><div class=\"kt-inside-inner-col\"><style>.wp-block-kadence-advancedheading.kt-adv-heading_05dc7c-84, .wp-block-kadence-advancedheading.kt-adv-heading_05dc7c-84[data-kb-block=\"kb-adv-heading_05dc7c-84\"]{text-align:center;font-style:normal;}.wp-block-kadence-advancedheading.kt-adv-heading_05dc7c-84 mark.kt-highlight, .wp-block-kadence-advancedheading.kt-adv-heading_05dc7c-84[data-kb-block=\"kb-adv-heading_05dc7c-84\"] mark.kt-highlight{font-style:normal;color:#f76a0c;-webkit-box-decoration-break:clone;box-decoration-break:clone;padding-top:0px;padding-right:0px;padding-bottom:0px;padding-left:0px;}.wp-block-kadence-advancedheading.kt-adv-heading_05dc7c-84 img.kb-inline-image, .wp-block-kadence-advancedheading.kt-adv-heading_05dc7c-84[data-kb-block=\"kb-adv-heading_05dc7c-84\"] img.kb-inline-image{width:150px;vertical-align:baseline;}<\/style>\n<h1 class=\"kt-adv-heading_05dc7c-84 wp-block-kadence-advancedheading has-theme-palette-3-color has-text-color\" data-kb-block=\"kb-adv-heading_05dc7c-84\">Impressum<\/h1>\n<\/div><\/div>\n\n<\/div><\/div>\n\n<style>.kb-row-layout-id_a00638-7d > .kt-row-column-wrap{align-content:start;}:where(.kb-row-layout-id_a00638-7d > .kt-row-column-wrap) > .wp-block-kadence-column{justify-content:start;}.kb-row-layout-id_a00638-7d > .kt-row-column-wrap{column-gap:var(--global-kb-gap-md, 2rem);row-gap:var(--global-kb-gap-md, 2rem);max-width:900px;margin-left:auto;margin-right:auto;padding-top:var(--global-kb-spacing-sm, 1.5rem);padding-bottom:var(--global-kb-spacing-sm, 1.5rem);grid-template-columns:minmax(0, 1fr);}.kb-row-layout-id_a00638-7d > .kt-row-layout-overlay{opacity:0.30;}@media all and (max-width: 1024px){.kb-row-layout-id_a00638-7d > .kt-row-column-wrap{grid-template-columns:minmax(0, 1fr);}}@media all and (max-width: 767px){.kb-row-layout-id_a00638-7d > .kt-row-column-wrap{grid-template-columns:minmax(0, 1fr);}}<\/style><div class=\"kb-row-layout-wrap kb-row-layout-id_a00638-7d alignnone wp-block-kadence-rowlayout\"><div class=\"kt-row-column-wrap kt-has-1-columns kt-row-layout-equal kt-tab-layout-inherit kt-mobile-layout-row kt-row-valign-top\">\n<style>.kadence-column_2009e0-a4 > .kt-inside-inner-col,.kadence-column_2009e0-a4 > .kt-inside-inner-col:before{border-top-left-radius:0px;border-top-right-radius:0px;border-bottom-right-radius:0px;border-bottom-left-radius:0px;}.kadence-column_2009e0-a4 > .kt-inside-inner-col{column-gap:var(--global-kb-gap-sm, 1rem);}.kadence-column_2009e0-a4 > .kt-inside-inner-col{flex-direction:column;}.kadence-column_2009e0-a4 > .kt-inside-inner-col > .aligncenter{width:100%;}.kadence-column_2009e0-a4 > .kt-inside-inner-col:before{opacity:0.3;}.kadence-column_2009e0-a4{position:relative;}@media all and (max-width: 1024px){.kadence-column_2009e0-a4 > .kt-inside-inner-col{flex-direction:column;justify-content:center;}}@media all and (max-width: 767px){.kadence-column_2009e0-a4 > .kt-inside-inner-col{flex-direction:column;justify-content:center;}}<\/style>\n<div class=\"wp-block-kadence-column kadence-column_2009e0-a4\"><div class=\"kt-inside-inner-col\"><style>.wp-block-kadence-advancedheading.kt-adv-heading_2aee31-ab, .wp-block-kadence-advancedheading.kt-adv-heading_2aee31-ab[data-kb-block=\"kb-adv-heading_2aee31-ab\"]{font-style:normal;}.wp-block-kadence-advancedheading.kt-adv-heading_2aee31-ab mark.kt-highlight, .wp-block-kadence-advancedheading.kt-adv-heading_2aee31-ab[data-kb-block=\"kb-adv-heading_2aee31-ab\"] mark.kt-highlight{font-style:normal;color:#f76a0c;-webkit-box-decoration-break:clone;box-decoration-break:clone;padding-top:0px;padding-right:0px;padding-bottom:0px;padding-left:0px;}.wp-block-kadence-advancedheading.kt-adv-heading_2aee31-ab img.kb-inline-image, .wp-block-kadence-advancedheading.kt-adv-heading_2aee31-ab[data-kb-block=\"kb-adv-heading_2aee31-ab\"] img.kb-inline-image{width:150px;vertical-align:baseline;}<\/style>\n<h3 class=\"kt-adv-heading_2aee31-ab wp-block-kadence-advancedheading\" data-kb-block=\"kb-adv-heading_2aee31-ab\">Name und Anschrift der Firma<\/h3>\n\n\n\n<p>Biloba IT Balleyer &amp; Lohrmann GbR<br>Heilbronner Stra\u00dfe 9<br>73728 Esslingen<br>Umsatzsteuer-Identnummer: DE251012841<\/p>\n\n\n<style>.wp-block-kadence-advancedheading.kt-adv-heading_2538bb-5f, .wp-block-kadence-advancedheading.kt-adv-heading_2538bb-5f[data-kb-block=\"kb-adv-heading_2538bb-5f\"]{font-style:normal;}.wp-block-kadence-advancedheading.kt-adv-heading_2538bb-5f mark.kt-highlight, .wp-block-kadence-advancedheading.kt-adv-heading_2538bb-5f[data-kb-block=\"kb-adv-heading_2538bb-5f\"] mark.kt-highlight{font-style:normal;color:#f76a0c;-webkit-box-decoration-break:clone;box-decoration-break:clone;padding-top:0px;padding-right:0px;padding-bottom:0px;padding-left:0px;}.wp-block-kadence-advancedheading.kt-adv-heading_2538bb-5f img.kb-inline-image, .wp-block-kadence-advancedheading.kt-adv-heading_2538bb-5f[data-kb-block=\"kb-adv-heading_2538bb-5f\"] img.kb-inline-image{width:150px;vertical-align:baseline;}<\/style>\n<h3 class=\"kt-adv-heading_2538bb-5f wp-block-kadence-advancedheading\" data-kb-block=\"kb-adv-heading_2538bb-5f\">Vertretungsberechtigte<\/h3>\n\n\n\n<p>Maik Balleyer und Ralf Lohrmann<\/p>\n\n\n<style>.wp-block-kadence-advancedheading.kt-adv-heading_3500d0-36, .wp-block-kadence-advancedheading.kt-adv-heading_3500d0-36[data-kb-block=\"kb-adv-heading_3500d0-36\"]{font-style:normal;}.wp-block-kadence-advancedheading.kt-adv-heading_3500d0-36 mark.kt-highlight, .wp-block-kadence-advancedheading.kt-adv-heading_3500d0-36[data-kb-block=\"kb-adv-heading_3500d0-36\"] mark.kt-highlight{font-style:normal;color:#f76a0c;-webkit-box-decoration-break:clone;box-decoration-break:clone;padding-top:0px;padding-right:0px;padding-bottom:0px;padding-left:0px;}.wp-block-kadence-advancedheading.kt-adv-heading_3500d0-36 img.kb-inline-image, .wp-block-kadence-advancedheading.kt-adv-heading_3500d0-36[data-kb-block=\"kb-adv-heading_3500d0-36\"] img.kb-inline-image{width:150px;vertical-align:baseline;}<\/style>\n<h3 class=\"kt-adv-heading_3500d0-36 wp-block-kadence-advancedheading\" data-kb-block=\"kb-adv-heading_3500d0-36\">Information zur schnellen Kontaktaufnahme<\/h3>\n\n\n\n<p>Fon: 0711 &#8211; 13633800<br>E-Mail: kontakt(at)biloba-it.de<br>www.biloba-it.de<\/p>\n\n\n<style>.wp-block-kadence-advancedheading.kt-adv-heading_67aafd-cd, .wp-block-kadence-advancedheading.kt-adv-heading_67aafd-cd[data-kb-block=\"kb-adv-heading_67aafd-cd\"]{font-style:normal;}.wp-block-kadence-advancedheading.kt-adv-heading_67aafd-cd mark.kt-highlight, .wp-block-kadence-advancedheading.kt-adv-heading_67aafd-cd[data-kb-block=\"kb-adv-heading_67aafd-cd\"] mark.kt-highlight{font-style:normal;color:#f76a0c;-webkit-box-decoration-break:clone;box-decoration-break:clone;padding-top:0px;padding-right:0px;padding-bottom:0px;padding-left:0px;}.wp-block-kadence-advancedheading.kt-adv-heading_67aafd-cd img.kb-inline-image, .wp-block-kadence-advancedheading.kt-adv-heading_67aafd-cd[data-kb-block=\"kb-adv-heading_67aafd-cd\"] img.kb-inline-image{width:150px;vertical-align:baseline;}<\/style>\n<h3 class=\"kt-adv-heading_67aafd-cd wp-block-kadence-advancedheading\" data-kb-block=\"kb-adv-heading_67aafd-cd\">Datenschutz<\/h3>\n\n\n\n<p>Unsere ausf\u00fchrliche Datenschutzerkl\u00e4rung finden Sie <a href=\"\/datenschutz\/\">hier<\/a>.<\/p>\n\n\n\n<p>Bei weiteren Fragen bez\u00fcglich dem Umgang mit Ihren \u00fcbermittelten Kontaktdaten k\u00f6nnen Sie gerne mit uns Kontakt aufnehmen.<\/p>\n<\/div><\/div>\n\n<\/div><\/div>","protected":false},"excerpt":{"rendered":"<p>Imprint Name and address of the company Biloba IT Balleyer &amp; Lohrmann GbRHeilbronner Stra\u00dfe 973728 EsslingenVAT identification number: DE251012841 Authorised representatives Maik Balleyer and Ralf Lohrmann Information for quick contact Fon: 0711 - 13633800E-Mail: kontakt(at)biloba-it.dewww.biloba-it.de Data protection You can find our detailed data protection declaration here. If you have any further questions regarding the handling of your transmitted contact data, please do not hesitate to contact us.<\/p>","protected":false},"author":5,"featured_media":0,"parent":0,"menu_order":0,"comment_status":"closed","ping_status":"closed","template":"","meta":{"_acf_changed":false,"_kad_blocks_custom_css":"","_kad_blocks_head_custom_js":"","_kad_blocks_body_custom_js":"","_kad_blocks_footer_custom_js":"","_kad_post_transparent":"","_kad_post_title":"","_kad_post_layout":"","_kad_post_sidebar_id":"","_kad_post_content_style":"","_kad_post_vertical_padding":"","_kad_post_feature":"","_kad_post_feature_position":"","_kad_post_header":false,"_kad_post_footer":false,"_kad_post_classname":"","footnotes":""},"class_list":["post-157","page","type-page","status-publish","hentry"],"acf":[],"taxonomy_info":[],"featured_image_src_large":false,"author_info":{"display_name":"Biloba IT","author_link":"https:\/\/www.biloba-it.de\/en\/author\/ad49573min\/"},"comment_info":0,"_links":{"self":[{"href":"https:\/\/www.biloba-it.de\/en\/wp-json\/wp\/v2\/pages\/157","targetHints":{"allow":["GET"]}}],"collection":[{"href":"https:\/\/www.biloba-it.de\/en\/wp-json\/wp\/v2\/pages"}],"about":[{"href":"https:\/\/www.biloba-it.de\/en\/wp-json\/wp\/v2\/types\/page"}],"author":[{"embeddable":true,"href":"https:\/\/www.biloba-it.de\/en\/wp-json\/wp\/v2\/users\/5"}],"replies":[{"embeddable":true,"href":"https:\/\/www.biloba-it.de\/en\/wp-json\/wp\/v2\/comments?post=157"}],"version-history":[{"count":5,"href":"https:\/\/www.biloba-it.de\/en\/wp-json\/wp\/v2\/pages\/157\/revisions"}],"predecessor-version":[{"id":7499,"href":"https:\/\/www.biloba-it.de\/en\/wp-json\/wp\/v2\/pages\/157\/revisions\/7499"}],"wp:attachment":[{"href":"https:\/\/www.biloba-it.de\/en\/wp-json\/wp\/v2\/media?parent=157"}],"curies":[{"name":"wp","href":"https:\/\/api.w.org\/{rel}","templated":true}]}}