{"id":5749,"date":"2022-01-10T14:12:19","date_gmt":"2022-01-10T13:12:19","guid":{"rendered":"https:\/\/biloba-it.bilobahost.de\/?page_id=5749"},"modified":"2023-04-13T15:15:07","modified_gmt":"2023-04-13T13:15:07","slug":"e-mail-marketing","status":"publish","type":"page","link":"https:\/\/www.biloba-it.de\/en\/online-marketing\/e-mail-marketing\/","title":{"rendered":"Email marketing"},"content":{"rendered":"<style>.kb-row-layout-id_09889f-14 > .kt-row-column-wrap{align-content:start;}:where(.kb-row-layout-id_09889f-14 > .kt-row-column-wrap) > .wp-block-kadence-column{justify-content:start;}.kb-row-layout-id_09889f-14 > .kt-row-column-wrap{column-gap:var(--global-kb-gap-md, 2rem);row-gap:var(--global-kb-gap-md, 2rem);max-width:900px;margin-left:auto;margin-right:auto;padding-top:60px;padding-bottom:20px;grid-template-columns:minmax(0, 1fr);}.kb-row-layout-id_09889f-14 > .kt-row-layout-overlay{opacity:0.30;}@media all and (max-width: 1024px){.kb-row-layout-id_09889f-14 > .kt-row-column-wrap{grid-template-columns:minmax(0, 1fr);}}@media all and (max-width: 767px){.kb-row-layout-id_09889f-14 > .kt-row-column-wrap{grid-template-columns:minmax(0, 1fr);}}<\/style><div class=\"kb-row-layout-wrap kb-row-layout-id_09889f-14 alignnone wp-block-kadence-rowlayout\" id=\"leistungen\"><div class=\"kt-row-column-wrap kt-has-1-columns kt-row-layout-equal kt-tab-layout-inherit kt-mobile-layout-row kt-row-valign-top\">\n<style>.kadence-column_30c166-4a > .kt-inside-inner-col,.kadence-column_30c166-4a > .kt-inside-inner-col:before{border-top-left-radius:0px;border-top-right-radius:0px;border-bottom-right-radius:0px;border-bottom-left-radius:0px;}.kadence-column_30c166-4a > .kt-inside-inner-col{column-gap:var(--global-kb-gap-sm, 1rem);}.kadence-column_30c166-4a > .kt-inside-inner-col{flex-direction:column;}.kadence-column_30c166-4a > .kt-inside-inner-col > .aligncenter{width:100%;}.kadence-column_30c166-4a > .kt-inside-inner-col:before{opacity:0.3;}.kadence-column_30c166-4a{position:relative;}@media all and (max-width: 1024px){.kadence-column_30c166-4a > .kt-inside-inner-col{flex-direction:column;justify-content:center;}}@media all and (max-width: 767px){.kadence-column_30c166-4a > .kt-inside-inner-col{flex-direction:column;justify-content:center;}}<\/style>\n<div class=\"wp-block-kadence-column kadence-column_30c166-4a inner-column-1\"><div class=\"kt-inside-inner-col\"><style>.wp-block-kadence-advancedheading.kt-adv-heading_af2b69-10, .wp-block-kadence-advancedheading.kt-adv-heading_af2b69-10[data-kb-block=\"kb-adv-heading_af2b69-10\"]{font-style:normal;}.wp-block-kadence-advancedheading.kt-adv-heading_af2b69-10 mark.kt-highlight, .wp-block-kadence-advancedheading.kt-adv-heading_af2b69-10[data-kb-block=\"kb-adv-heading_af2b69-10\"] mark.kt-highlight{font-style:normal;color:#f76a0c;-webkit-box-decoration-break:clone;box-decoration-break:clone;padding-top:0px;padding-right:0px;padding-bottom:0px;padding-left:0px;}.wp-block-kadence-advancedheading.kt-adv-heading_af2b69-10 img.kb-inline-image, .wp-block-kadence-advancedheading.kt-adv-heading_af2b69-10[data-kb-block=\"kb-adv-heading_af2b69-10\"] img.kb-inline-image{width:150px;vertical-align:baseline;}<\/style>\n<h2 class=\"kt-adv-heading_af2b69-10 wp-block-kadence-advancedheading\" data-kb-block=\"kb-adv-heading_af2b69-10\">Unsere E-Mail Marketing Leistungen<\/h2>\n\n\n<style>.wp-block-kadence-spacer.kt-block-spacer-_6ad79b-a1 .kt-block-spacer{height:10px;}.wp-block-kadence-spacer.kt-block-spacer-_6ad79b-a1 .kt-divider{border-top-width:5px;height:1px;border-top-color:var(--global-palette2, #2B6CB0);width:30px;border-top-style:solid;}<\/style>\n<div class=\"wp-block-kadence-spacer aligncenter kt-block-spacer-_6ad79b-a1\"><div class=\"kt-block-spacer kt-block-spacer-halign-center\"><hr class=\"kt-divider\"\/><\/div><\/div>\n<\/div><\/div>\n\n<\/div><\/div>\n\n<style>.kb-row-layout-id_c23350-2f > .kt-row-column-wrap{align-content:start;}:where(.kb-row-layout-id_c23350-2f > .kt-row-column-wrap) > .wp-block-kadence-column{justify-content:start;}.kb-row-layout-id_c23350-2f > .kt-row-column-wrap{column-gap:var(--global-kb-gap-md, 2rem);row-gap:var(--global-kb-gap-md, 2rem);max-width:900px;margin-left:auto;margin-right:auto;padding-top:var(--global-kb-spacing-sm, 1.5rem);padding-bottom:var(--global-kb-spacing-sm, 1.5rem);grid-template-columns:minmax(0, 1fr);}.kb-row-layout-id_c23350-2f > .kt-row-layout-overlay{opacity:0.30;}@media all and (max-width: 1024px){.kb-row-layout-id_c23350-2f > .kt-row-column-wrap{grid-template-columns:minmax(0, 1fr);}}@media all and (max-width: 767px){.kb-row-layout-id_c23350-2f > .kt-row-column-wrap{grid-template-columns:minmax(0, 1fr);}}<\/style><div class=\"kb-row-layout-wrap kb-row-layout-id_c23350-2f alignnone wp-block-kadence-rowlayout\"><div class=\"kt-row-column-wrap kt-has-1-columns kt-row-layout-equal kt-tab-layout-inherit kt-mobile-layout-row kt-row-valign-top\">\n<style>.kadence-column_a85456-80 > .kt-inside-inner-col,.kadence-column_a85456-80 > .kt-inside-inner-col:before{border-top-left-radius:0px;border-top-right-radius:0px;border-bottom-right-radius:0px;border-bottom-left-radius:0px;}.kadence-column_a85456-80 > .kt-inside-inner-col{column-gap:var(--global-kb-gap-sm, 1rem);}.kadence-column_a85456-80 > .kt-inside-inner-col{flex-direction:column;}.kadence-column_a85456-80 > .kt-inside-inner-col > .aligncenter{width:100%;}.kadence-column_a85456-80 > .kt-inside-inner-col:before{opacity:0.3;}.kadence-column_a85456-80{position:relative;}@media all and (max-width: 1024px){.kadence-column_a85456-80 > .kt-inside-inner-col{flex-direction:column;justify-content:center;}}@media all and (max-width: 767px){.kadence-column_a85456-80 > .kt-inside-inner-col{flex-direction:column;justify-content:center;}}<\/style>\n<div class=\"wp-block-kadence-column kadence-column_a85456-80\"><div class=\"kt-inside-inner-col\"><style>.wp-block-kadence-advancedheading.kt-adv-heading_c572bb-b1, .wp-block-kadence-advancedheading.kt-adv-heading_c572bb-b1[data-kb-block=\"kb-adv-heading_c572bb-b1\"]{font-style:normal;}.wp-block-kadence-advancedheading.kt-adv-heading_c572bb-b1[data-kb-block=\"kb-adv-heading_c572bb-b1\"]{display:flex;gap:0.25em;align-items:center;}.wp-block-kadence-advancedheading.kt-adv-heading_c572bb-b1[data-kb-block=\"kb-adv-heading_c572bb-b1\"] .kb-adv-heading-icon svg{width:1em;height:1em;}.wp-block-kadence-advancedheading.kt-adv-heading_c572bb-b1[data-kb-block=\"kb-adv-heading_c572bb-b1\"] .kb-adv-heading-icon{color:var(--global-palette2, #2B6CB0);font-size:22px;padding-right:5px;}.wp-block-kadence-advancedheading.kt-adv-heading_c572bb-b1 mark.kt-highlight, .wp-block-kadence-advancedheading.kt-adv-heading_c572bb-b1[data-kb-block=\"kb-adv-heading_c572bb-b1\"] mark.kt-highlight{font-style:normal;color:#f76a0c;-webkit-box-decoration-break:clone;box-decoration-break:clone;padding-top:0px;padding-right:0px;padding-bottom:0px;padding-left:0px;}.wp-block-kadence-advancedheading.kt-adv-heading_c572bb-b1 img.kb-inline-image, .wp-block-kadence-advancedheading.kt-adv-heading_c572bb-b1[data-kb-block=\"kb-adv-heading_c572bb-b1\"] img.kb-inline-image{width:150px;vertical-align:baseline;}<\/style><h3 class=\"kt-adv-heading_c572bb-b1 wp-block-kadence-advancedheading kt-adv-heading-has-icon\" data-kb-block=\"kb-adv-heading_c572bb-b1\"><span class=\"kb-svg-icon-wrap kb-adv-heading-icon kb-svg-icon-fas_arrow-circle-right kb-adv-heading-icon-side-left\"><svg viewBox=\"0 0 512 512\"  fill=\"currentColor\" xmlns=\"http:\/\/www.w3.org\/2000\/svg\"  aria-hidden=\"true\"><path d=\"M256 8c137 0 248 111 248 248S393 504 256 504 8 393 8 256 119 8 256 8zm-28.9 143.6l75.5 72.4H120c-13.3 0-24 10.7-24 24v16c0 13.3 10.7 24 24 24h182.6l-75.5 72.4c-9.7 9.3-9.9 24.8-.4 34.3l11 10.9c9.4 9.4 24.6 9.4 33.9 0L404.3 273c9.4-9.4 9.4-24.6 0-33.9L271.6 106.3c-9.4-9.4-24.6-9.4-33.9 0l-11 10.9c-9.5 9.6-9.3 25.1.4 34.4z\"\/><\/svg><\/span><span class=\"kb-adv-text-inner\">E-Mail-Marketing Strategie<\/span><\/h3>\n\n<style>.wp-block-kadence-advancedheading.kt-adv-heading_0579a9-51, .wp-block-kadence-advancedheading.kt-adv-heading_0579a9-51[data-kb-block=\"kb-adv-heading_0579a9-51\"]{font-style:normal;}.wp-block-kadence-advancedheading.kt-adv-heading_0579a9-51 mark.kt-highlight, .wp-block-kadence-advancedheading.kt-adv-heading_0579a9-51[data-kb-block=\"kb-adv-heading_0579a9-51\"] mark.kt-highlight{font-style:normal;color:#f76a0c;-webkit-box-decoration-break:clone;box-decoration-break:clone;padding-top:0px;padding-right:0px;padding-bottom:0px;padding-left:0px;}.wp-block-kadence-advancedheading.kt-adv-heading_0579a9-51 img.kb-inline-image, .wp-block-kadence-advancedheading.kt-adv-heading_0579a9-51[data-kb-block=\"kb-adv-heading_0579a9-51\"] img.kb-inline-image{width:150px;vertical-align:baseline;}<\/style>\n<p class=\"kt-adv-heading_0579a9-51 wp-block-kadence-advancedheading\" data-kb-block=\"kb-adv-heading_0579a9-51\">Gemeinsam mit Ihnen erarbeiten wir Ihre Ziele und entwickeln ein Konzept,  wie Sie E-Mail-Marketing optimal f\u00fcr Ihr Unternehmen nutzen k\u00f6nnen.<\/p>\n\n\n<style>.wp-block-kadence-advancedheading.kt-adv-heading_9654fc-50, .wp-block-kadence-advancedheading.kt-adv-heading_9654fc-50[data-kb-block=\"kb-adv-heading_9654fc-50\"]{font-style:normal;}.wp-block-kadence-advancedheading.kt-adv-heading_9654fc-50[data-kb-block=\"kb-adv-heading_9654fc-50\"]{display:flex;gap:0.25em;align-items:center;}.wp-block-kadence-advancedheading.kt-adv-heading_9654fc-50[data-kb-block=\"kb-adv-heading_9654fc-50\"] .kb-adv-heading-icon svg{width:1em;height:1em;}.wp-block-kadence-advancedheading.kt-adv-heading_9654fc-50[data-kb-block=\"kb-adv-heading_9654fc-50\"] .kb-adv-heading-icon{color:var(--global-palette2, #2B6CB0);font-size:22px;padding-right:5px;}.wp-block-kadence-advancedheading.kt-adv-heading_9654fc-50 mark.kt-highlight, .wp-block-kadence-advancedheading.kt-adv-heading_9654fc-50[data-kb-block=\"kb-adv-heading_9654fc-50\"] mark.kt-highlight{font-style:normal;color:#f76a0c;-webkit-box-decoration-break:clone;box-decoration-break:clone;padding-top:0px;padding-right:0px;padding-bottom:0px;padding-left:0px;}.wp-block-kadence-advancedheading.kt-adv-heading_9654fc-50 img.kb-inline-image, .wp-block-kadence-advancedheading.kt-adv-heading_9654fc-50[data-kb-block=\"kb-adv-heading_9654fc-50\"] img.kb-inline-image{width:150px;vertical-align:baseline;}<\/style><h3 class=\"kt-adv-heading_9654fc-50 wp-block-kadence-advancedheading kt-adv-heading-has-icon\" data-kb-block=\"kb-adv-heading_9654fc-50\"><span class=\"kb-svg-icon-wrap kb-adv-heading-icon kb-svg-icon-fas_arrow-circle-right kb-adv-heading-icon-side-left\"><svg viewBox=\"0 0 512 512\"  fill=\"currentColor\" xmlns=\"http:\/\/www.w3.org\/2000\/svg\"  aria-hidden=\"true\"><path d=\"M256 8c137 0 248 111 248 248S393 504 256 504 8 393 8 256 119 8 256 8zm-28.9 143.6l75.5 72.4H120c-13.3 0-24 10.7-24 24v16c0 13.3 10.7 24 24 24h182.6l-75.5 72.4c-9.7 9.3-9.9 24.8-.4 34.3l11 10.9c9.4 9.4 24.6 9.4 33.9 0L404.3 273c9.4-9.4 9.4-24.6 0-33.9L271.6 106.3c-9.4-9.4-24.6-9.4-33.9 0l-11 10.9c-9.5 9.6-9.3 25.1.4 34.4z\"\/><\/svg><\/span><span class=\"kb-adv-text-inner\">Newsletter Design <\/span><\/h3>\n\n<style>.wp-block-kadence-advancedheading.kt-adv-heading_dfb1b8-3d, .wp-block-kadence-advancedheading.kt-adv-heading_dfb1b8-3d[data-kb-block=\"kb-adv-heading_dfb1b8-3d\"]{font-style:normal;}.wp-block-kadence-advancedheading.kt-adv-heading_dfb1b8-3d mark.kt-highlight, .wp-block-kadence-advancedheading.kt-adv-heading_dfb1b8-3d[data-kb-block=\"kb-adv-heading_dfb1b8-3d\"] mark.kt-highlight{font-style:normal;color:#f76a0c;-webkit-box-decoration-break:clone;box-decoration-break:clone;padding-top:0px;padding-right:0px;padding-bottom:0px;padding-left:0px;}.wp-block-kadence-advancedheading.kt-adv-heading_dfb1b8-3d img.kb-inline-image, .wp-block-kadence-advancedheading.kt-adv-heading_dfb1b8-3d[data-kb-block=\"kb-adv-heading_dfb1b8-3d\"] img.kb-inline-image{width:150px;vertical-align:baseline;}<\/style>\n<p class=\"kt-adv-heading_dfb1b8-3d wp-block-kadence-advancedheading\" data-kb-block=\"kb-adv-heading_dfb1b8-3d\">Eine ansprechende und responsive Gestaltung der Newsletter-Inhalte erm\u00f6glicht es, Ihre Newsletter-Abonnenten zu begeistern und zum Kauf\/Handlung anzuregen. Zus\u00e4tzlich rufen Sie Ihr Unternehmen in Erinnerung und k\u00f6nnen an verkaufsstarken Tagen wie z.B. dem &#8222;Black Friday&#8220; h\u00f6here Ums\u00e4tze erzielen.<\/p>\n\n\n<style>.wp-block-kadence-advancedheading.kt-adv-heading_a3d4fc-a0, .wp-block-kadence-advancedheading.kt-adv-heading_a3d4fc-a0[data-kb-block=\"kb-adv-heading_a3d4fc-a0\"]{font-style:normal;}.wp-block-kadence-advancedheading.kt-adv-heading_a3d4fc-a0[data-kb-block=\"kb-adv-heading_a3d4fc-a0\"]{display:flex;gap:0.25em;align-items:center;}.wp-block-kadence-advancedheading.kt-adv-heading_a3d4fc-a0[data-kb-block=\"kb-adv-heading_a3d4fc-a0\"] .kb-adv-heading-icon svg{width:1em;height:1em;}.wp-block-kadence-advancedheading.kt-adv-heading_a3d4fc-a0[data-kb-block=\"kb-adv-heading_a3d4fc-a0\"] .kb-adv-heading-icon{color:var(--global-palette2, #2B6CB0);font-size:22px;padding-right:5px;}.wp-block-kadence-advancedheading.kt-adv-heading_a3d4fc-a0 mark.kt-highlight, .wp-block-kadence-advancedheading.kt-adv-heading_a3d4fc-a0[data-kb-block=\"kb-adv-heading_a3d4fc-a0\"] mark.kt-highlight{font-style:normal;color:#f76a0c;-webkit-box-decoration-break:clone;box-decoration-break:clone;padding-top:0px;padding-right:0px;padding-bottom:0px;padding-left:0px;}.wp-block-kadence-advancedheading.kt-adv-heading_a3d4fc-a0 img.kb-inline-image, .wp-block-kadence-advancedheading.kt-adv-heading_a3d4fc-a0[data-kb-block=\"kb-adv-heading_a3d4fc-a0\"] img.kb-inline-image{width:150px;vertical-align:baseline;}<\/style><h3 class=\"kt-adv-heading_a3d4fc-a0 wp-block-kadence-advancedheading kt-adv-heading-has-icon\" data-kb-block=\"kb-adv-heading_a3d4fc-a0\"><span class=\"kb-svg-icon-wrap kb-adv-heading-icon kb-svg-icon-fas_arrow-circle-right kb-adv-heading-icon-side-left\"><svg viewBox=\"0 0 512 512\"  fill=\"currentColor\" xmlns=\"http:\/\/www.w3.org\/2000\/svg\"  aria-hidden=\"true\"><path d=\"M256 8c137 0 248 111 248 248S393 504 256 504 8 393 8 256 119 8 256 8zm-28.9 143.6l75.5 72.4H120c-13.3 0-24 10.7-24 24v16c0 13.3 10.7 24 24 24h182.6l-75.5 72.4c-9.7 9.3-9.9 24.8-.4 34.3l11 10.9c9.4 9.4 24.6 9.4 33.9 0L404.3 273c9.4-9.4 9.4-24.6 0-33.9L271.6 106.3c-9.4-9.4-24.6-9.4-33.9 0l-11 10.9c-9.5 9.6-9.3 25.1.4 34.4z\"\/><\/svg><\/span><span class=\"kb-adv-text-inner\">E-Mail Listen Aufbau<\/span><\/h3>\n\n<style>.wp-block-kadence-advancedheading.kt-adv-heading_b708e6-41, .wp-block-kadence-advancedheading.kt-adv-heading_b708e6-41[data-kb-block=\"kb-adv-heading_b708e6-41\"]{font-style:normal;}.wp-block-kadence-advancedheading.kt-adv-heading_b708e6-41 mark.kt-highlight, .wp-block-kadence-advancedheading.kt-adv-heading_b708e6-41[data-kb-block=\"kb-adv-heading_b708e6-41\"] mark.kt-highlight{font-style:normal;color:#f76a0c;-webkit-box-decoration-break:clone;box-decoration-break:clone;padding-top:0px;padding-right:0px;padding-bottom:0px;padding-left:0px;}.wp-block-kadence-advancedheading.kt-adv-heading_b708e6-41 img.kb-inline-image, .wp-block-kadence-advancedheading.kt-adv-heading_b708e6-41[data-kb-block=\"kb-adv-heading_b708e6-41\"] img.kb-inline-image{width:150px;vertical-align:baseline;}<\/style>\n<p class=\"kt-adv-heading_b708e6-41 wp-block-kadence-advancedheading\" data-kb-block=\"kb-adv-heading_b708e6-41\">Als Experten f\u00fcr E-Mail-Marketing wissen wir, wie wichtig der Aufbau einer qualitativ hochwertigen E-Mail-Liste ist. Mit einer gut gepflegten Liste k\u00f6nnen Sie Ihre Zielgruppe gezielt ansprechen und langfristige, profitable Kundenbeziehungen aufbauen.<\/p>\n\n\n<style>.wp-block-kadence-advancedheading.kt-adv-heading_e78795-09, .wp-block-kadence-advancedheading.kt-adv-heading_e78795-09[data-kb-block=\"kb-adv-heading_e78795-09\"]{font-style:normal;}.wp-block-kadence-advancedheading.kt-adv-heading_e78795-09[data-kb-block=\"kb-adv-heading_e78795-09\"]{display:flex;gap:0.25em;align-items:center;}.wp-block-kadence-advancedheading.kt-adv-heading_e78795-09[data-kb-block=\"kb-adv-heading_e78795-09\"] .kb-adv-heading-icon svg{width:1em;height:1em;}.wp-block-kadence-advancedheading.kt-adv-heading_e78795-09[data-kb-block=\"kb-adv-heading_e78795-09\"] .kb-adv-heading-icon{color:var(--global-palette2, #2B6CB0);font-size:22px;padding-right:5px;}.wp-block-kadence-advancedheading.kt-adv-heading_e78795-09 mark.kt-highlight, .wp-block-kadence-advancedheading.kt-adv-heading_e78795-09[data-kb-block=\"kb-adv-heading_e78795-09\"] mark.kt-highlight{font-style:normal;color:#f76a0c;-webkit-box-decoration-break:clone;box-decoration-break:clone;padding-top:0px;padding-right:0px;padding-bottom:0px;padding-left:0px;}.wp-block-kadence-advancedheading.kt-adv-heading_e78795-09 img.kb-inline-image, .wp-block-kadence-advancedheading.kt-adv-heading_e78795-09[data-kb-block=\"kb-adv-heading_e78795-09\"] img.kb-inline-image{width:150px;vertical-align:baseline;}<\/style><h3 class=\"kt-adv-heading_e78795-09 wp-block-kadence-advancedheading kt-adv-heading-has-icon\" data-kb-block=\"kb-adv-heading_e78795-09\"><span class=\"kb-svg-icon-wrap kb-adv-heading-icon kb-svg-icon-fas_arrow-circle-right kb-adv-heading-icon-side-left\"><svg viewBox=\"0 0 512 512\"  fill=\"currentColor\" xmlns=\"http:\/\/www.w3.org\/2000\/svg\"  aria-hidden=\"true\"><path d=\"M256 8c137 0 248 111 248 248S393 504 256 504 8 393 8 256 119 8 256 8zm-28.9 143.6l75.5 72.4H120c-13.3 0-24 10.7-24 24v16c0 13.3 10.7 24 24 24h182.6l-75.5 72.4c-9.7 9.3-9.9 24.8-.4 34.3l11 10.9c9.4 9.4 24.6 9.4 33.9 0L404.3 273c9.4-9.4 9.4-24.6 0-33.9L271.6 106.3c-9.4-9.4-24.6-9.4-33.9 0l-11 10.9c-9.5 9.6-9.3 25.1.4 34.4z\"\/><\/svg><\/span><span class=\"kb-adv-text-inner\">Erstellung von Kampagnen<\/span><\/h3>\n\n<style>.wp-block-kadence-advancedheading.kt-adv-heading_f0a998-4e, .wp-block-kadence-advancedheading.kt-adv-heading_f0a998-4e[data-kb-block=\"kb-adv-heading_f0a998-4e\"]{font-style:normal;}.wp-block-kadence-advancedheading.kt-adv-heading_f0a998-4e mark.kt-highlight, .wp-block-kadence-advancedheading.kt-adv-heading_f0a998-4e[data-kb-block=\"kb-adv-heading_f0a998-4e\"] mark.kt-highlight{font-style:normal;color:#f76a0c;-webkit-box-decoration-break:clone;box-decoration-break:clone;padding-top:0px;padding-right:0px;padding-bottom:0px;padding-left:0px;}.wp-block-kadence-advancedheading.kt-adv-heading_f0a998-4e img.kb-inline-image, .wp-block-kadence-advancedheading.kt-adv-heading_f0a998-4e[data-kb-block=\"kb-adv-heading_f0a998-4e\"] img.kb-inline-image{width:150px;vertical-align:baseline;}<\/style>\n<p class=\"kt-adv-heading_f0a998-4e wp-block-kadence-advancedheading\" data-kb-block=\"kb-adv-heading_f0a998-4e\">Eine gut geplante Kampagne tr\u00e4gt dazu bei, die \u00d6ffnungs- und Klickraten zu erh\u00f6hen und Ihre Conversions zu verbessern. Deshalb entwickeln wir Kampagnen, die nicht nur Ihre Marke widerspiegeln, sondern auch Ihre potenziellen Kunden ansprechen und zum Handeln motivieren.<\/p>\n\n\n<style>.wp-block-kadence-advancedheading.kt-adv-heading_a5bcd1-ae, .wp-block-kadence-advancedheading.kt-adv-heading_a5bcd1-ae[data-kb-block=\"kb-adv-heading_a5bcd1-ae\"]{font-style:normal;}.wp-block-kadence-advancedheading.kt-adv-heading_a5bcd1-ae[data-kb-block=\"kb-adv-heading_a5bcd1-ae\"]{display:flex;gap:0.25em;align-items:center;}.wp-block-kadence-advancedheading.kt-adv-heading_a5bcd1-ae[data-kb-block=\"kb-adv-heading_a5bcd1-ae\"] .kb-adv-heading-icon svg{width:1em;height:1em;}.wp-block-kadence-advancedheading.kt-adv-heading_a5bcd1-ae[data-kb-block=\"kb-adv-heading_a5bcd1-ae\"] .kb-adv-heading-icon{color:var(--global-palette2, #2B6CB0);font-size:22px;padding-right:5px;}.wp-block-kadence-advancedheading.kt-adv-heading_a5bcd1-ae mark.kt-highlight, .wp-block-kadence-advancedheading.kt-adv-heading_a5bcd1-ae[data-kb-block=\"kb-adv-heading_a5bcd1-ae\"] mark.kt-highlight{font-style:normal;color:#f76a0c;-webkit-box-decoration-break:clone;box-decoration-break:clone;padding-top:0px;padding-right:0px;padding-bottom:0px;padding-left:0px;}.wp-block-kadence-advancedheading.kt-adv-heading_a5bcd1-ae img.kb-inline-image, .wp-block-kadence-advancedheading.kt-adv-heading_a5bcd1-ae[data-kb-block=\"kb-adv-heading_a5bcd1-ae\"] img.kb-inline-image{width:150px;vertical-align:baseline;}<\/style><h3 class=\"kt-adv-heading_a5bcd1-ae wp-block-kadence-advancedheading kt-adv-heading-has-icon\" data-kb-block=\"kb-adv-heading_a5bcd1-ae\"><span class=\"kb-svg-icon-wrap kb-adv-heading-icon kb-svg-icon-fas_arrow-circle-right kb-adv-heading-icon-side-left\"><svg viewBox=\"0 0 512 512\"  fill=\"currentColor\" xmlns=\"http:\/\/www.w3.org\/2000\/svg\"  aria-hidden=\"true\"><path d=\"M256 8c137 0 248 111 248 248S393 504 256 504 8 393 8 256 119 8 256 8zm-28.9 143.6l75.5 72.4H120c-13.3 0-24 10.7-24 24v16c0 13.3 10.7 24 24 24h182.6l-75.5 72.4c-9.7 9.3-9.9 24.8-.4 34.3l11 10.9c9.4 9.4 24.6 9.4 33.9 0L404.3 273c9.4-9.4 9.4-24.6 0-33.9L271.6 106.3c-9.4-9.4-24.6-9.4-33.9 0l-11 10.9c-9.5 9.6-9.3 25.1.4 34.4z\"\/><\/svg><\/span><span class=\"kb-adv-text-inner\">Automatisierung von Kampagnen<\/span><\/h3>\n\n<style>.wp-block-kadence-advancedheading.kt-adv-heading_aed426-ed, .wp-block-kadence-advancedheading.kt-adv-heading_aed426-ed[data-kb-block=\"kb-adv-heading_aed426-ed\"]{font-style:normal;}.wp-block-kadence-advancedheading.kt-adv-heading_aed426-ed mark.kt-highlight, .wp-block-kadence-advancedheading.kt-adv-heading_aed426-ed[data-kb-block=\"kb-adv-heading_aed426-ed\"] mark.kt-highlight{font-style:normal;color:#f76a0c;-webkit-box-decoration-break:clone;box-decoration-break:clone;padding-top:0px;padding-right:0px;padding-bottom:0px;padding-left:0px;}.wp-block-kadence-advancedheading.kt-adv-heading_aed426-ed img.kb-inline-image, .wp-block-kadence-advancedheading.kt-adv-heading_aed426-ed[data-kb-block=\"kb-adv-heading_aed426-ed\"] img.kb-inline-image{width:150px;vertical-align:baseline;}<\/style>\n<p class=\"kt-adv-heading_aed426-ed wp-block-kadence-advancedheading\" data-kb-block=\"kb-adv-heading_aed426-ed\">Wir unterst\u00fctzen Sie bei der effizienten und wirkungsvollen Umsetzung Ihrer E-Mail-Marketing-Kampagnen und der dazugeh\u00f6renden Prozesse. Dazu nutzen wir fortschrittliche Tools und Technologien.<\/p>\n\n\n<style>.wp-block-kadence-advancedheading.kt-adv-heading_8446a3-55, .wp-block-kadence-advancedheading.kt-adv-heading_8446a3-55[data-kb-block=\"kb-adv-heading_8446a3-55\"]{font-style:normal;}.wp-block-kadence-advancedheading.kt-adv-heading_8446a3-55[data-kb-block=\"kb-adv-heading_8446a3-55\"]{display:flex;gap:0.25em;align-items:center;}.wp-block-kadence-advancedheading.kt-adv-heading_8446a3-55[data-kb-block=\"kb-adv-heading_8446a3-55\"] .kb-adv-heading-icon svg{width:1em;height:1em;}.wp-block-kadence-advancedheading.kt-adv-heading_8446a3-55[data-kb-block=\"kb-adv-heading_8446a3-55\"] .kb-adv-heading-icon{color:var(--global-palette2, #2B6CB0);font-size:22px;padding-right:5px;}.wp-block-kadence-advancedheading.kt-adv-heading_8446a3-55 mark.kt-highlight, .wp-block-kadence-advancedheading.kt-adv-heading_8446a3-55[data-kb-block=\"kb-adv-heading_8446a3-55\"] mark.kt-highlight{font-style:normal;color:#f76a0c;-webkit-box-decoration-break:clone;box-decoration-break:clone;padding-top:0px;padding-right:0px;padding-bottom:0px;padding-left:0px;}.wp-block-kadence-advancedheading.kt-adv-heading_8446a3-55 img.kb-inline-image, .wp-block-kadence-advancedheading.kt-adv-heading_8446a3-55[data-kb-block=\"kb-adv-heading_8446a3-55\"] img.kb-inline-image{width:150px;vertical-align:baseline;}<\/style><h3 class=\"kt-adv-heading_8446a3-55 wp-block-kadence-advancedheading kt-adv-heading-has-icon\" data-kb-block=\"kb-adv-heading_8446a3-55\"><span class=\"kb-svg-icon-wrap kb-adv-heading-icon kb-svg-icon-fas_arrow-circle-right kb-adv-heading-icon-side-left\"><svg viewBox=\"0 0 512 512\"  fill=\"currentColor\" xmlns=\"http:\/\/www.w3.org\/2000\/svg\"  aria-hidden=\"true\"><path d=\"M256 8c137 0 248 111 248 248S393 504 256 504 8 393 8 256 119 8 256 8zm-28.9 143.6l75.5 72.4H120c-13.3 0-24 10.7-24 24v16c0 13.3 10.7 24 24 24h182.6l-75.5 72.4c-9.7 9.3-9.9 24.8-.4 34.3l11 10.9c9.4 9.4 24.6 9.4 33.9 0L404.3 273c9.4-9.4 9.4-24.6 0-33.9L271.6 106.3c-9.4-9.4-24.6-9.4-33.9 0l-11 10.9c-9.5 9.6-9.3 25.1.4 34.4z\"\/><\/svg><\/span><span class=\"kb-adv-text-inner\">E-Mail-Analyse und Reporting<\/span><\/h3>\n\n<style>.wp-block-kadence-advancedheading.kt-adv-heading_482680-b8, .wp-block-kadence-advancedheading.kt-adv-heading_482680-b8[data-kb-block=\"kb-adv-heading_482680-b8\"]{font-style:normal;}.wp-block-kadence-advancedheading.kt-adv-heading_482680-b8 mark.kt-highlight, .wp-block-kadence-advancedheading.kt-adv-heading_482680-b8[data-kb-block=\"kb-adv-heading_482680-b8\"] mark.kt-highlight{font-style:normal;color:#f76a0c;-webkit-box-decoration-break:clone;box-decoration-break:clone;padding-top:0px;padding-right:0px;padding-bottom:0px;padding-left:0px;}.wp-block-kadence-advancedheading.kt-adv-heading_482680-b8 img.kb-inline-image, .wp-block-kadence-advancedheading.kt-adv-heading_482680-b8[data-kb-block=\"kb-adv-heading_482680-b8\"] img.kb-inline-image{width:150px;vertical-align:baseline;}<\/style>\n<p class=\"kt-adv-heading_482680-b8 wp-block-kadence-advancedheading\" data-kb-block=\"kb-adv-heading_482680-b8\">Die Analyse und das Reporting Ihrer E-Mail-Marketing-Kampagnen sind entscheidende Schritte, um den Erfolg Ihrer Bem\u00fchungen zu messen und zu optimieren. Wir setzen modernste Analyse-Tools ein, um \u00d6ffnungs-, Klick- und Konversionsraten Ihrer Kampagnen zu verfolgen und Ihnen einen detaillierten Einblick in das Verhalten Ihrer Zielgruppe zu geben.<\/p>\n<\/div><\/div>\n\n<\/div><\/div>","protected":false},"excerpt":{"rendered":"<p>Our email marketing services Email marketing strategy Together with you, we work out your goals and develop a concept on how you can optimally use email marketing for your company. Newsletter design An appealing and responsive design of the newsletter content enables you to inspire your newsletter subscribers and encourage them to buy\/act. In addition, you call your company to mind and can...<\/p>","protected":false},"author":5,"featured_media":0,"parent":5135,"menu_order":0,"comment_status":"closed","ping_status":"closed","template":"","meta":{"_acf_changed":false,"_kad_blocks_custom_css":"","_kad_blocks_head_custom_js":"","_kad_blocks_body_custom_js":"","_kad_blocks_footer_custom_js":"","_kad_post_transparent":"","_kad_post_title":"","_kad_post_layout":"","_kad_post_sidebar_id":"","_kad_post_content_style":"","_kad_post_vertical_padding":"","_kad_post_feature":"","_kad_post_feature_position":"","_kad_post_header":false,"_kad_post_footer":false,"_kad_post_classname":"","footnotes":""},"class_list":["post-5749","page","type-page","status-publish","hentry"],"acf":[],"taxonomy_info":[],"featured_image_src_large":false,"author_info":{"display_name":"Biloba IT","author_link":"https:\/\/www.biloba-it.de\/en\/author\/ad49573min\/"},"comment_info":0,"_links":{"self":[{"href":"https:\/\/www.biloba-it.de\/en\/wp-json\/wp\/v2\/pages\/5749","targetHints":{"allow":["GET"]}}],"collection":[{"href":"https:\/\/www.biloba-it.de\/en\/wp-json\/wp\/v2\/pages"}],"about":[{"href":"https:\/\/www.biloba-it.de\/en\/wp-json\/wp\/v2\/types\/page"}],"author":[{"embeddable":true,"href":"https:\/\/www.biloba-it.de\/en\/wp-json\/wp\/v2\/users\/5"}],"replies":[{"embeddable":true,"href":"https:\/\/www.biloba-it.de\/en\/wp-json\/wp\/v2\/comments?post=5749"}],"version-history":[{"count":31,"href":"https:\/\/www.biloba-it.de\/en\/wp-json\/wp\/v2\/pages\/5749\/revisions"}],"predecessor-version":[{"id":7616,"href":"https:\/\/www.biloba-it.de\/en\/wp-json\/wp\/v2\/pages\/5749\/revisions\/7616"}],"up":[{"embeddable":true,"href":"https:\/\/www.biloba-it.de\/en\/wp-json\/wp\/v2\/pages\/5135"}],"wp:attachment":[{"href":"https:\/\/www.biloba-it.de\/en\/wp-json\/wp\/v2\/media?parent=5749"}],"curies":[{"name":"wp","href":"https:\/\/api.w.org\/{rel}","templated":true}]}}