{"id":9538,"date":"2025-06-26T10:41:43","date_gmt":"2025-06-26T08:41:43","guid":{"rendered":"https:\/\/www.biloba-it.de\/?page_id=9538"},"modified":"2025-11-06T09:17:24","modified_gmt":"2025-11-06T08:17:24","slug":"documentary","status":"publish","type":"page","link":"https:\/\/www.biloba-it.de\/en\/doku\/","title":{"rendered":"Documentations"},"content":{"rendered":"<style>.kb-row-layout-id9538_fe4f2f-a5 > .kt-row-column-wrap{align-content:start;}:where(.kb-row-layout-id9538_fe4f2f-a5 > .kt-row-column-wrap) > .wp-block-kadence-column{justify-content:start;}.kb-row-layout-id9538_fe4f2f-a5 > .kt-row-column-wrap{column-gap:var(--global-kb-gap-md, 2rem);row-gap:var(--global-kb-gap-md, 2rem);padding-top:var(--global-kb-spacing-lg, 3rem);padding-bottom:var(--global-kb-spacing-lg, 3rem);grid-template-columns:minmax(0, 1fr);}.kb-row-layout-id9538_fe4f2f-a5 > .kt-row-layout-overlay{opacity:0.30;}@media all and (max-width: 1024px){.kb-row-layout-id9538_fe4f2f-a5 > .kt-row-column-wrap{grid-template-columns:minmax(0, 1fr);}}@media all and (max-width: 767px){.kb-row-layout-id9538_fe4f2f-a5 > .kt-row-column-wrap{grid-template-columns:minmax(0, 1fr);}}<\/style><div class=\"kb-row-layout-wrap kb-row-layout-id9538_fe4f2f-a5 alignnone wp-block-kadence-rowlayout\"><div class=\"kt-row-column-wrap kt-has-1-columns kt-row-layout-equal kt-tab-layout-inherit kt-mobile-layout-row kt-row-valign-top\">\n<style>.kadence-column9538_5aaf1c-49 > .kt-inside-inner-col,.kadence-column9538_5aaf1c-49 > .kt-inside-inner-col:before{border-top-left-radius:0px;border-top-right-radius:0px;border-bottom-right-radius:0px;border-bottom-left-radius:0px;}.kadence-column9538_5aaf1c-49 > .kt-inside-inner-col{column-gap:var(--global-kb-gap-sm, 1rem);}.kadence-column9538_5aaf1c-49 > .kt-inside-inner-col{flex-direction:column;}.kadence-column9538_5aaf1c-49 > .kt-inside-inner-col > .aligncenter{width:100%;}.kadence-column9538_5aaf1c-49 > .kt-inside-inner-col:before{opacity:0.3;}.kadence-column9538_5aaf1c-49{position:relative;}@media all and (max-width: 1024px){.kadence-column9538_5aaf1c-49 > .kt-inside-inner-col{flex-direction:column;justify-content:center;}}@media all and (max-width: 767px){.kadence-column9538_5aaf1c-49 > .kt-inside-inner-col{flex-direction:column;justify-content:center;}}<\/style>\n<div class=\"wp-block-kadence-column kadence-column9538_5aaf1c-49\"><div class=\"kt-inside-inner-col\"><style>.wp-block-kadence-advancedheading.kt-adv-heading9538_d1ce11-cb, .wp-block-kadence-advancedheading.kt-adv-heading9538_d1ce11-cb[data-kb-block=\"kb-adv-heading9538_d1ce11-cb\"]{font-size:var(--global-kb-font-size-lg, 2rem);font-style:normal;}.wp-block-kadence-advancedheading.kt-adv-heading9538_d1ce11-cb mark.kt-highlight, .wp-block-kadence-advancedheading.kt-adv-heading9538_d1ce11-cb[data-kb-block=\"kb-adv-heading9538_d1ce11-cb\"] mark.kt-highlight{font-style:normal;color:#f76a0c;-webkit-box-decoration-break:clone;box-decoration-break:clone;padding-top:0px;padding-right:0px;padding-bottom:0px;padding-left:0px;}.wp-block-kadence-advancedheading.kt-adv-heading9538_d1ce11-cb img.kb-inline-image, .wp-block-kadence-advancedheading.kt-adv-heading9538_d1ce11-cb[data-kb-block=\"kb-adv-heading9538_d1ce11-cb\"] img.kb-inline-image{width:150px;vertical-align:baseline;}<\/style>\n<h1 class=\"kt-adv-heading9538_d1ce11-cb wp-block-kadence-advancedheading\" data-kb-block=\"kb-adv-heading9538_d1ce11-cb\">Dokumentationen und Installationsanleitungen<\/h1>\n\n\n\n<p>Hier finden Sie ausf\u00fchrliche Anleitungen, Dokumentationen und FAQs zu unseren Shopware-Plugins. So k\u00f6nnen Sie unsere Erweiterungen optimal einrichten und bestm\u00f6glich nutzen.<\/p>\n\n\n\n<p>Bei Fragen oder Anregungen steht Ihnen unser Team jederzeit gerne zur Verf\u00fcgung \u2013 <a href=\"\/kontakt\/\">kontaktieren Sie uns einfach direkt<\/a>.<\/p>\n<\/div><\/div>\n\n<\/div><\/div>\n\n<style>.kb-row-layout-id9538_441203-3a > .kt-row-column-wrap{align-content:start;}:where(.kb-row-layout-id9538_441203-3a > .kt-row-column-wrap) > .wp-block-kadence-column{justify-content:start;}.kb-row-layout-id9538_441203-3a > .kt-row-column-wrap{column-gap:var(--global-kb-gap-md, 2rem);row-gap:var(--global-kb-gap-md, 2rem);max-width:var( --global-content-width, 1240px );padding-left:var(--global-content-edge-padding);padding-right:var(--global-content-edge-padding);padding-top:var(--global-kb-spacing-md, 2rem);padding-bottom:var(--global-kb-spacing-md, 2rem);grid-template-columns:minmax(0, 1fr);}.kb-row-layout-id9538_441203-3a > .kt-row-layout-overlay{opacity:0.30;}@media all and (max-width: 1024px){.kb-row-layout-id9538_441203-3a > .kt-row-column-wrap{grid-template-columns:minmax(0, 1fr);}}@media all and (max-width: 767px){.kb-row-layout-id9538_441203-3a > .kt-row-column-wrap{grid-template-columns:minmax(0, 1fr);}}<\/style><div class=\"kb-row-layout-wrap kb-row-layout-id9538_441203-3a alignfull has-theme-palette8-background-color kt-row-has-bg wp-block-kadence-rowlayout\"><div class=\"kt-row-column-wrap kt-has-1-columns kt-row-layout-equal kt-tab-layout-inherit kt-mobile-layout-row kt-row-valign-top kb-theme-content-width\">\n<style>.kadence-column9538_4e65fd-c8 > .kt-inside-inner-col,.kadence-column9538_4e65fd-c8 > .kt-inside-inner-col:before{border-top-left-radius:0px;border-top-right-radius:0px;border-bottom-right-radius:0px;border-bottom-left-radius:0px;}.kadence-column9538_4e65fd-c8 > .kt-inside-inner-col{column-gap:var(--global-kb-gap-sm, 1rem);}.kadence-column9538_4e65fd-c8 > .kt-inside-inner-col{flex-direction:column;}.kadence-column9538_4e65fd-c8 > .kt-inside-inner-col > .aligncenter{width:100%;}.kadence-column9538_4e65fd-c8 > .kt-inside-inner-col:before{opacity:0.3;}.kadence-column9538_4e65fd-c8{position:relative;}@media all and (max-width: 1024px){.kadence-column9538_4e65fd-c8 > .kt-inside-inner-col{flex-direction:column;justify-content:center;}}@media all and (max-width: 767px){.kadence-column9538_4e65fd-c8 > .kt-inside-inner-col{flex-direction:column;justify-content:center;}}<\/style>\n<div class=\"wp-block-kadence-column kadence-column9538_4e65fd-c8\"><div class=\"kt-inside-inner-col\"><style>.kb-posts-id-9538_b6b4de-6c .kb-post-list-item{display:grid;}<\/style><ul class=\"wp-block-kadence-posts kb-posts kadence-posts-list kb-posts-id-9538_b6b4de-6c content-wrap grid-cols kb-posts-style-boxed grid-sm-col-2 grid-lg-col-2 item-image-style-above\"><li class=\"kb-post-list-item\">\n\t<article class=\"entry content-bg loop-entry kb-post-no-image post-9866 doku type-doku status-publish hentry\">\n\t\t\t\t<div class=\"entry-content-wrap\">\n\t\t\t<header class=\"entry-header\">\n\t<h3 class=\"entry-title\"><a href=\"https:\/\/www.biloba-it.de\/en\/doku\/facebook-pixel\/\" rel=\"bookmark\">Meta \/ Facebook Pixel Event Tracking \uff06 Conversion API<\/a><\/h3>\t<div class=\"entry-meta entry-meta-divider-dot\">\n\t\t\t\t<span class=\"updated-on\">\n\t\t\t\t<span class=\"meta-label\">Updated on<\/span><time class=\"entry-date published updated\" datetime=\"2026-01-22T12:56:33+01:00\">22. January 2026<\/time>\t\t\t<\/span>\n\t\t\t\t<\/div><!-- .entry-meta -->\n\t<\/header><!-- .entry-header -->\n<footer class=\"entry-footer\">\n\t\t\t<div class=\"entry-actions\">\n\t\t\t<p class=\"more-link-wrap\">\n\t\t\t\t<a href=\"https:\/\/www.biloba-it.de\/en\/doku\/facebook-pixel\/\" class=\"post-more-link\">\n\t\t\t\t\tzur Dokumentation<span class=\"screen-reader-text\"> Meta \/ Facebook Pixel Event Tracking \uff06 Conversion API<\/span><span class=\"kadence-svg-iconset svg-baseline\"><svg aria-hidden=\"true\" class=\"kadence-svg-icon kadence-arrow-right-alt-svg\" fill=\"currentColor\" version=\"1.1\" xmlns=\"http:\/\/www.w3.org\/2000\/svg\" width=\"27\" height=\"28\" viewBox=\"0 0 27 28\"><title>Continue<\/title><path d=\"M27 13.953c0 0.141-0.063 0.281-0.156 0.375l-6 5.531c-0.156 0.141-0.359 0.172-0.547 0.094-0.172-0.078-0.297-0.25-0.297-0.453v-3.5h-19.5c-0.281 0-0.5-0.219-0.5-0.5v-3c0-0.281 0.219-0.5 0.5-0.5h19.5v-3.5c0-0.203 0.109-0.375 0.297-0.453s0.391-0.047 0.547 0.078l6 5.469c0.094 0.094 0.156 0.219 0.156 0.359v0z\"><\/path>\n\t\t\t<\/svg><\/span>\t\t\t\t<\/a>\n\t\t\t<\/p>\n\t\t<\/div><!-- .entry-actions -->\n\t\t<\/footer><!-- .entry-footer -->\t\t<\/div>\n\t<\/article>\n<\/li>\n<li class=\"kb-post-list-item\">\n\t<article class=\"entry content-bg loop-entry kb-post-no-image post-9854 doku type-doku status-publish hentry\">\n\t\t\t\t<div class=\"entry-content-wrap\">\n\t\t\t<header class=\"entry-header\">\n\t<h3 class=\"entry-title\"><a href=\"https:\/\/www.biloba-it.de\/en\/doku\/multitracking-pro\/\" rel=\"bookmark\">Multitracking Pro mit Facebook Pixel, Gtag und Reddit Ads<\/a><\/h3>\t<div class=\"entry-meta entry-meta-divider-dot\">\n\t\t\t\t<span class=\"updated-on\">\n\t\t\t\t<span class=\"meta-label\">Updated on<\/span><time class=\"entry-date published updated\" datetime=\"2026-03-31T14:24:04+02:00\">31. March 2026<\/time>\t\t\t<\/span>\n\t\t\t\t<\/div><!-- .entry-meta -->\n\t<\/header><!-- .entry-header -->\n<footer class=\"entry-footer\">\n\t\t\t<div class=\"entry-actions\">\n\t\t\t<p class=\"more-link-wrap\">\n\t\t\t\t<a href=\"https:\/\/www.biloba-it.de\/en\/doku\/multitracking-pro\/\" class=\"post-more-link\">\n\t\t\t\t\tzur Dokumentation<span class=\"screen-reader-text\"> Multitracking Pro mit Facebook Pixel, Gtag und Reddit Ads<\/span><span class=\"kadence-svg-iconset svg-baseline\"><svg aria-hidden=\"true\" class=\"kadence-svg-icon kadence-arrow-right-alt-svg\" fill=\"currentColor\" version=\"1.1\" xmlns=\"http:\/\/www.w3.org\/2000\/svg\" width=\"27\" height=\"28\" viewBox=\"0 0 27 28\"><title>Continue<\/title><path d=\"M27 13.953c0 0.141-0.063 0.281-0.156 0.375l-6 5.531c-0.156 0.141-0.359 0.172-0.547 0.094-0.172-0.078-0.297-0.25-0.297-0.453v-3.5h-19.5c-0.281 0-0.5-0.219-0.5-0.5v-3c0-0.281 0.219-0.5 0.5-0.5h19.5v-3.5c0-0.203 0.109-0.375 0.297-0.453s0.391-0.047 0.547 0.078l6 5.469c0.094 0.094 0.156 0.219 0.156 0.359v0z\"><\/path>\n\t\t\t<\/svg><\/span>\t\t\t\t<\/a>\n\t\t\t<\/p>\n\t\t<\/div><!-- .entry-actions -->\n\t\t<\/footer><!-- .entry-footer -->\t\t<\/div>\n\t<\/article>\n<\/li>\n<li class=\"kb-post-list-item\">\n\t<article class=\"entry content-bg loop-entry kb-post-no-image post-9826 doku type-doku status-publish hentry\">\n\t\t\t\t<div class=\"entry-content-wrap\">\n\t\t\t<header class=\"entry-header\">\n\t<h3 class=\"entry-title\"><a href=\"https:\/\/www.biloba-it.de\/en\/doku\/reddit-pixel-event-tracking-conversion-api\/\" rel=\"bookmark\">Reddit Pixel Event Tracking \uff06 Conversion API<\/a><\/h3>\t<div class=\"entry-meta entry-meta-divider-dot\">\n\t\t\t\t<span class=\"updated-on\">\n\t\t\t\t<span class=\"meta-label\">Updated on<\/span><time class=\"entry-date published updated\" datetime=\"2026-01-22T13:10:43+01:00\">22. January 2026<\/time>\t\t\t<\/span>\n\t\t\t\t<\/div><!-- .entry-meta -->\n\t<\/header><!-- .entry-header -->\n<footer class=\"entry-footer\">\n\t\t\t<div class=\"entry-actions\">\n\t\t\t<p class=\"more-link-wrap\">\n\t\t\t\t<a href=\"https:\/\/www.biloba-it.de\/en\/doku\/reddit-pixel-event-tracking-conversion-api\/\" class=\"post-more-link\">\n\t\t\t\t\tzur Dokumentation<span class=\"screen-reader-text\"> Reddit Pixel Event Tracking \uff06 Conversion API<\/span><span class=\"kadence-svg-iconset svg-baseline\"><svg aria-hidden=\"true\" class=\"kadence-svg-icon kadence-arrow-right-alt-svg\" fill=\"currentColor\" version=\"1.1\" xmlns=\"http:\/\/www.w3.org\/2000\/svg\" width=\"27\" height=\"28\" viewBox=\"0 0 27 28\"><title>Continue<\/title><path d=\"M27 13.953c0 0.141-0.063 0.281-0.156 0.375l-6 5.531c-0.156 0.141-0.359 0.172-0.547 0.094-0.172-0.078-0.297-0.25-0.297-0.453v-3.5h-19.5c-0.281 0-0.5-0.219-0.5-0.5v-3c0-0.281 0.219-0.5 0.5-0.5h19.5v-3.5c0-0.203 0.109-0.375 0.297-0.453s0.391-0.047 0.547 0.078l6 5.469c0.094 0.094 0.156 0.219 0.156 0.359v0z\"><\/path>\n\t\t\t<\/svg><\/span>\t\t\t\t<\/a>\n\t\t\t<\/p>\n\t\t<\/div><!-- .entry-actions -->\n\t\t<\/footer><!-- .entry-footer -->\t\t<\/div>\n\t<\/article>\n<\/li>\n<li class=\"kb-post-list-item\">\n\t<article class=\"entry content-bg loop-entry kb-post-no-image post-9778 doku type-doku status-publish hentry\">\n\t\t\t\t<div class=\"entry-content-wrap\">\n\t\t\t<header class=\"entry-header\">\n\t<h3 class=\"entry-title\"><a href=\"https:\/\/www.biloba-it.de\/en\/doku\/artikel-box-eigenschaften\/\" rel=\"bookmark\">Artikel Box Eigenschaften<\/a><\/h3>\t<div class=\"entry-meta entry-meta-divider-dot\">\n\t\t\t\t<span class=\"updated-on\">\n\t\t\t\t<span class=\"meta-label\">Updated on<\/span><time class=\"entry-date published updated\" datetime=\"2026-01-22T13:11:03+01:00\">22. January 2026<\/time>\t\t\t<\/span>\n\t\t\t\t<\/div><!-- .entry-meta -->\n\t<\/header><!-- .entry-header -->\n<footer class=\"entry-footer\">\n\t\t\t<div class=\"entry-actions\">\n\t\t\t<p class=\"more-link-wrap\">\n\t\t\t\t<a href=\"https:\/\/www.biloba-it.de\/en\/doku\/artikel-box-eigenschaften\/\" class=\"post-more-link\">\n\t\t\t\t\tzur Dokumentation<span class=\"screen-reader-text\"> Artikel Box Eigenschaften<\/span><span class=\"kadence-svg-iconset svg-baseline\"><svg aria-hidden=\"true\" class=\"kadence-svg-icon kadence-arrow-right-alt-svg\" fill=\"currentColor\" version=\"1.1\" xmlns=\"http:\/\/www.w3.org\/2000\/svg\" width=\"27\" height=\"28\" viewBox=\"0 0 27 28\"><title>Continue<\/title><path d=\"M27 13.953c0 0.141-0.063 0.281-0.156 0.375l-6 5.531c-0.156 0.141-0.359 0.172-0.547 0.094-0.172-0.078-0.297-0.25-0.297-0.453v-3.5h-19.5c-0.281 0-0.5-0.219-0.5-0.5v-3c0-0.281 0.219-0.5 0.5-0.5h19.5v-3.5c0-0.203 0.109-0.375 0.297-0.453s0.391-0.047 0.547 0.078l6 5.469c0.094 0.094 0.156 0.219 0.156 0.359v0z\"><\/path>\n\t\t\t<\/svg><\/span>\t\t\t\t<\/a>\n\t\t\t<\/p>\n\t\t<\/div><!-- .entry-actions -->\n\t\t<\/footer><!-- .entry-footer -->\t\t<\/div>\n\t<\/article>\n<\/li>\n<li class=\"kb-post-list-item\">\n\t<article class=\"entry content-bg loop-entry kb-post-no-image post-9735 doku type-doku status-publish hentry\">\n\t\t\t\t<div class=\"entry-content-wrap\">\n\t\t\t<header class=\"entry-header\">\n\t<h3 class=\"entry-title\"><a href=\"https:\/\/www.biloba-it.de\/en\/doku\/varianten-matrix-schnell-bestellung\/\" rel=\"bookmark\">Varianten-Matrix Schnellbestellung<\/a><\/h3>\t<div class=\"entry-meta entry-meta-divider-dot\">\n\t\t\t\t<span class=\"updated-on\">\n\t\t\t\t<span class=\"meta-label\">Updated on<\/span><time class=\"entry-date published updated\" datetime=\"2026-01-22T13:11:23+01:00\">22. January 2026<\/time>\t\t\t<\/span>\n\t\t\t\t<\/div><!-- .entry-meta -->\n\t<\/header><!-- .entry-header -->\n<footer class=\"entry-footer\">\n\t\t\t<div class=\"entry-actions\">\n\t\t\t<p class=\"more-link-wrap\">\n\t\t\t\t<a href=\"https:\/\/www.biloba-it.de\/en\/doku\/varianten-matrix-schnell-bestellung\/\" class=\"post-more-link\">\n\t\t\t\t\tzur Dokumentation<span class=\"screen-reader-text\"> Varianten-Matrix Schnellbestellung<\/span><span class=\"kadence-svg-iconset svg-baseline\"><svg aria-hidden=\"true\" class=\"kadence-svg-icon kadence-arrow-right-alt-svg\" fill=\"currentColor\" version=\"1.1\" xmlns=\"http:\/\/www.w3.org\/2000\/svg\" width=\"27\" height=\"28\" viewBox=\"0 0 27 28\"><title>Continue<\/title><path d=\"M27 13.953c0 0.141-0.063 0.281-0.156 0.375l-6 5.531c-0.156 0.141-0.359 0.172-0.547 0.094-0.172-0.078-0.297-0.25-0.297-0.453v-3.5h-19.5c-0.281 0-0.5-0.219-0.5-0.5v-3c0-0.281 0.219-0.5 0.5-0.5h19.5v-3.5c0-0.203 0.109-0.375 0.297-0.453s0.391-0.047 0.547 0.078l6 5.469c0.094 0.094 0.156 0.219 0.156 0.359v0z\"><\/path>\n\t\t\t<\/svg><\/span>\t\t\t\t<\/a>\n\t\t\t<\/p>\n\t\t<\/div><!-- .entry-actions -->\n\t\t<\/footer><!-- .entry-footer -->\t\t<\/div>\n\t<\/article>\n<\/li>\n<li class=\"kb-post-list-item\">\n\t<article class=\"entry content-bg loop-entry kb-post-no-image post-9683 doku type-doku status-publish hentry\">\n\t\t\t\t<div class=\"entry-content-wrap\">\n\t\t\t<header class=\"entry-header\">\n\t<h3 class=\"entry-title\"><a href=\"https:\/\/www.biloba-it.de\/en\/doku\/hersteller-pro-listen-und-erlebniswelten-fuer-marken\/\" rel=\"bookmark\">Hersteller Pro &#8211; Listen und Erlebniswelten f\u00fcr Marken<\/a><\/h3>\t<div class=\"entry-meta entry-meta-divider-dot\">\n\t\t\t\t<span class=\"updated-on\">\n\t\t\t\t<span class=\"meta-label\">Updated on<\/span><time class=\"entry-date published updated\" datetime=\"2026-03-18T13:35:55+01:00\">18. March 2026<\/time>\t\t\t<\/span>\n\t\t\t\t<\/div><!-- .entry-meta -->\n\t<\/header><!-- .entry-header -->\n<footer class=\"entry-footer\">\n\t\t\t<div class=\"entry-actions\">\n\t\t\t<p class=\"more-link-wrap\">\n\t\t\t\t<a href=\"https:\/\/www.biloba-it.de\/en\/doku\/hersteller-pro-listen-und-erlebniswelten-fuer-marken\/\" class=\"post-more-link\">\n\t\t\t\t\tzur Dokumentation<span class=\"screen-reader-text\"> Hersteller Pro &#8211; Listen und Erlebniswelten f\u00fcr Marken<\/span><span class=\"kadence-svg-iconset svg-baseline\"><svg aria-hidden=\"true\" class=\"kadence-svg-icon kadence-arrow-right-alt-svg\" fill=\"currentColor\" version=\"1.1\" xmlns=\"http:\/\/www.w3.org\/2000\/svg\" width=\"27\" height=\"28\" viewBox=\"0 0 27 28\"><title>Continue<\/title><path d=\"M27 13.953c0 0.141-0.063 0.281-0.156 0.375l-6 5.531c-0.156 0.141-0.359 0.172-0.547 0.094-0.172-0.078-0.297-0.25-0.297-0.453v-3.5h-19.5c-0.281 0-0.5-0.219-0.5-0.5v-3c0-0.281 0.219-0.5 0.5-0.5h19.5v-3.5c0-0.203 0.109-0.375 0.297-0.453s0.391-0.047 0.547 0.078l6 5.469c0.094 0.094 0.156 0.219 0.156 0.359v0z\"><\/path>\n\t\t\t<\/svg><\/span>\t\t\t\t<\/a>\n\t\t\t<\/p>\n\t\t<\/div><!-- .entry-actions -->\n\t\t<\/footer><!-- .entry-footer -->\t\t<\/div>\n\t<\/article>\n<\/li>\n<li class=\"kb-post-list-item\">\n\t<article class=\"entry content-bg loop-entry kb-post-no-image post-9669 doku type-doku status-publish hentry\">\n\t\t\t\t<div class=\"entry-content-wrap\">\n\t\t\t<header class=\"entry-header\">\n\t<h3 class=\"entry-title\"><a href=\"https:\/\/www.biloba-it.de\/en\/doku\/seo-optimierung-mit-ki-chatgpt\/\" rel=\"bookmark\">SEO Optimierung mit KI (ChatGPT)<\/a><\/h3>\t<div class=\"entry-meta entry-meta-divider-dot\">\n\t\t\t\t<span class=\"updated-on\">\n\t\t\t\t<span class=\"meta-label\">Updated on<\/span><time class=\"entry-date published updated\" datetime=\"2026-02-05T11:42:45+01:00\">5. February 2026<\/time>\t\t\t<\/span>\n\t\t\t\t<\/div><!-- .entry-meta -->\n\t<\/header><!-- .entry-header -->\n<footer class=\"entry-footer\">\n\t\t\t<div class=\"entry-actions\">\n\t\t\t<p class=\"more-link-wrap\">\n\t\t\t\t<a href=\"https:\/\/www.biloba-it.de\/en\/doku\/seo-optimierung-mit-ki-chatgpt\/\" class=\"post-more-link\">\n\t\t\t\t\tzur Dokumentation<span class=\"screen-reader-text\"> SEO Optimierung mit KI (ChatGPT)<\/span><span class=\"kadence-svg-iconset svg-baseline\"><svg aria-hidden=\"true\" class=\"kadence-svg-icon kadence-arrow-right-alt-svg\" fill=\"currentColor\" version=\"1.1\" xmlns=\"http:\/\/www.w3.org\/2000\/svg\" width=\"27\" height=\"28\" viewBox=\"0 0 27 28\"><title>Continue<\/title><path d=\"M27 13.953c0 0.141-0.063 0.281-0.156 0.375l-6 5.531c-0.156 0.141-0.359 0.172-0.547 0.094-0.172-0.078-0.297-0.25-0.297-0.453v-3.5h-19.5c-0.281 0-0.5-0.219-0.5-0.5v-3c0-0.281 0.219-0.5 0.5-0.5h19.5v-3.5c0-0.203 0.109-0.375 0.297-0.453s0.391-0.047 0.547 0.078l6 5.469c0.094 0.094 0.156 0.219 0.156 0.359v0z\"><\/path>\n\t\t\t<\/svg><\/span>\t\t\t\t<\/a>\n\t\t\t<\/p>\n\t\t<\/div><!-- .entry-actions -->\n\t\t<\/footer><!-- .entry-footer -->\t\t<\/div>\n\t<\/article>\n<\/li>\n<li class=\"kb-post-list-item\">\n\t<article class=\"entry content-bg loop-entry kb-post-no-image post-9498 doku type-doku status-publish hentry\">\n\t\t\t\t<div class=\"entry-content-wrap\">\n\t\t\t<header class=\"entry-header\">\n\t<h3 class=\"entry-title\"><a href=\"https:\/\/www.biloba-it.de\/en\/doku\/chatgpt-umfassender-ki-shop-assistent\/\" rel=\"bookmark\">ChatGPT &#8211; Umfassender KI-Shop-Assistent<\/a><\/h3>\t<div class=\"entry-meta entry-meta-divider-dot\">\n\t\t\t\t<span class=\"updated-on\">\n\t\t\t\t<span class=\"meta-label\">Updated on<\/span><time class=\"entry-date published updated\" datetime=\"2026-04-07T14:56:06+02:00\">7. April 2026<\/time>\t\t\t<\/span>\n\t\t\t\t<\/div><!-- .entry-meta -->\n\t<\/header><!-- .entry-header -->\n<footer class=\"entry-footer\">\n\t\t\t<div class=\"entry-actions\">\n\t\t\t<p class=\"more-link-wrap\">\n\t\t\t\t<a href=\"https:\/\/www.biloba-it.de\/en\/doku\/chatgpt-umfassender-ki-shop-assistent\/\" class=\"post-more-link\">\n\t\t\t\t\tzur Dokumentation<span class=\"screen-reader-text\"> ChatGPT &#8211; Umfassender KI-Shop-Assistent<\/span><span class=\"kadence-svg-iconset svg-baseline\"><svg aria-hidden=\"true\" class=\"kadence-svg-icon kadence-arrow-right-alt-svg\" fill=\"currentColor\" version=\"1.1\" xmlns=\"http:\/\/www.w3.org\/2000\/svg\" width=\"27\" height=\"28\" viewBox=\"0 0 27 28\"><title>Continue<\/title><path d=\"M27 13.953c0 0.141-0.063 0.281-0.156 0.375l-6 5.531c-0.156 0.141-0.359 0.172-0.547 0.094-0.172-0.078-0.297-0.25-0.297-0.453v-3.5h-19.5c-0.281 0-0.5-0.219-0.5-0.5v-3c0-0.281 0.219-0.5 0.5-0.5h19.5v-3.5c0-0.203 0.109-0.375 0.297-0.453s0.391-0.047 0.547 0.078l6 5.469c0.094 0.094 0.156 0.219 0.156 0.359v0z\"><\/path>\n\t\t\t<\/svg><\/span>\t\t\t\t<\/a>\n\t\t\t<\/p>\n\t\t<\/div><!-- .entry-actions -->\n\t\t<\/footer><!-- .entry-footer -->\t\t<\/div>\n\t<\/article>\n<\/li>\n<li class=\"kb-post-list-item\">\n\t<article class=\"entry content-bg loop-entry kb-post-no-image post-9488 doku type-doku status-publish hentry\">\n\t\t\t\t<div class=\"entry-content-wrap\">\n\t\t\t<header class=\"entry-header\">\n\t<h3 class=\"entry-title\"><a href=\"https:\/\/www.biloba-it.de\/en\/doku\/auto-translation-pro\/\" rel=\"bookmark\">Auto Translation Pro<\/a><\/h3>\t<div class=\"entry-meta entry-meta-divider-dot\">\n\t\t\t\t<span class=\"updated-on\">\n\t\t\t\t<span class=\"meta-label\">Updated on<\/span><time class=\"entry-date published updated\" datetime=\"2026-03-04T09:46:37+01:00\">4. March 2026<\/time>\t\t\t<\/span>\n\t\t\t\t<\/div><!-- .entry-meta -->\n\t<\/header><!-- .entry-header -->\n<footer class=\"entry-footer\">\n\t\t\t<div class=\"entry-actions\">\n\t\t\t<p class=\"more-link-wrap\">\n\t\t\t\t<a href=\"https:\/\/www.biloba-it.de\/en\/doku\/auto-translation-pro\/\" class=\"post-more-link\">\n\t\t\t\t\tzur Dokumentation<span class=\"screen-reader-text\"> Auto Translation Pro<\/span><span class=\"kadence-svg-iconset svg-baseline\"><svg aria-hidden=\"true\" class=\"kadence-svg-icon kadence-arrow-right-alt-svg\" fill=\"currentColor\" version=\"1.1\" xmlns=\"http:\/\/www.w3.org\/2000\/svg\" width=\"27\" height=\"28\" viewBox=\"0 0 27 28\"><title>Continue<\/title><path d=\"M27 13.953c0 0.141-0.063 0.281-0.156 0.375l-6 5.531c-0.156 0.141-0.359 0.172-0.547 0.094-0.172-0.078-0.297-0.25-0.297-0.453v-3.5h-19.5c-0.281 0-0.5-0.219-0.5-0.5v-3c0-0.281 0.219-0.5 0.5-0.5h19.5v-3.5c0-0.203 0.109-0.375 0.297-0.453s0.391-0.047 0.547 0.078l6 5.469c0.094 0.094 0.156 0.219 0.156 0.359v0z\"><\/path>\n\t\t\t<\/svg><\/span>\t\t\t\t<\/a>\n\t\t\t<\/p>\n\t\t<\/div><!-- .entry-actions -->\n\t\t<\/footer><!-- .entry-footer -->\t\t<\/div>\n\t<\/article>\n<\/li>\n<li class=\"kb-post-list-item\">\n\t<article class=\"entry content-bg loop-entry kb-post-no-image post-9447 doku type-doku status-publish hentry\">\n\t\t\t\t<div class=\"entry-content-wrap\">\n\t\t\t<header class=\"entry-header\">\n\t<h3 class=\"entry-title\"><a href=\"https:\/\/www.biloba-it.de\/en\/doku\/google-tag-manager\/\" rel=\"bookmark\">Google Tag Manager, GA4 &amp; Google Ads (inkl. Server-Side Tracking)<\/a><\/h3>\t<div class=\"entry-meta entry-meta-divider-dot\">\n\t\t\t\t<span class=\"updated-on\">\n\t\t\t\t<span class=\"meta-label\">Updated on<\/span><time class=\"entry-date published updated\" datetime=\"2026-02-13T12:04:45+01:00\">13. February 2026<\/time>\t\t\t<\/span>\n\t\t\t\t<\/div><!-- .entry-meta -->\n\t<\/header><!-- .entry-header -->\n<footer class=\"entry-footer\">\n\t\t\t<div class=\"entry-actions\">\n\t\t\t<p class=\"more-link-wrap\">\n\t\t\t\t<a href=\"https:\/\/www.biloba-it.de\/en\/doku\/google-tag-manager\/\" class=\"post-more-link\">\n\t\t\t\t\tzur Dokumentation<span class=\"screen-reader-text\"> Google Tag Manager, GA4 &amp; Google Ads (inkl. Server-Side Tracking)<\/span><span class=\"kadence-svg-iconset svg-baseline\"><svg aria-hidden=\"true\" class=\"kadence-svg-icon kadence-arrow-right-alt-svg\" fill=\"currentColor\" version=\"1.1\" xmlns=\"http:\/\/www.w3.org\/2000\/svg\" width=\"27\" height=\"28\" viewBox=\"0 0 27 28\"><title>Continue<\/title><path d=\"M27 13.953c0 0.141-0.063 0.281-0.156 0.375l-6 5.531c-0.156 0.141-0.359 0.172-0.547 0.094-0.172-0.078-0.297-0.25-0.297-0.453v-3.5h-19.5c-0.281 0-0.5-0.219-0.5-0.5v-3c0-0.281 0.219-0.5 0.5-0.5h19.5v-3.5c0-0.203 0.109-0.375 0.297-0.453s0.391-0.047 0.547 0.078l6 5.469c0.094 0.094 0.156 0.219 0.156 0.359v0z\"><\/path>\n\t\t\t<\/svg><\/span>\t\t\t\t<\/a>\n\t\t\t<\/p>\n\t\t<\/div><!-- .entry-actions -->\n\t\t<\/footer><!-- .entry-footer -->\t\t<\/div>\n\t<\/article>\n<\/li>\n<\/ul><\/div><\/div>\n\n<\/div><\/div>\n\n\n<p><\/p>\n","protected":false},"excerpt":{"rendered":"<p>Documentation and installation instructions Here you will find detailed instructions, documentation and FAQs for our Shopware plugins. This will enable you to set up our extensions optimally and make the best possible use of them. If you have any questions or suggestions, our team will be happy to help you at any time - simply contact us directly.<\/p>","protected":false},"author":4,"featured_media":0,"parent":0,"menu_order":0,"comment_status":"closed","ping_status":"closed","template":"","meta":{"_acf_changed":false,"_kad_blocks_custom_css":"","_kad_blocks_head_custom_js":"","_kad_blocks_body_custom_js":"","_kad_blocks_footer_custom_js":"","_kad_post_transparent":"","_kad_post_title":"default","_kad_post_layout":"narrow","_kad_post_sidebar_id":"","_kad_post_content_style":"","_kad_post_vertical_padding":"bottom","_kad_post_feature":"","_kad_post_feature_position":"","_kad_post_header":false,"_kad_post_footer":false,"_kad_post_classname":"","footnotes":""},"class_list":["post-9538","page","type-page","status-publish","hentry"],"acf":[],"taxonomy_info":[],"featured_image_src_large":false,"author_info":{"display_name":"Carsten Merz","author_link":"https:\/\/www.biloba-it.de\/en\/author\/bilobait-merz\/"},"comment_info":0,"_links":{"self":[{"href":"https:\/\/www.biloba-it.de\/en\/wp-json\/wp\/v2\/pages\/9538","targetHints":{"allow":["GET"]}}],"collection":[{"href":"https:\/\/www.biloba-it.de\/en\/wp-json\/wp\/v2\/pages"}],"about":[{"href":"https:\/\/www.biloba-it.de\/en\/wp-json\/wp\/v2\/types\/page"}],"author":[{"embeddable":true,"href":"https:\/\/www.biloba-it.de\/en\/wp-json\/wp\/v2\/users\/4"}],"replies":[{"embeddable":true,"href":"https:\/\/www.biloba-it.de\/en\/wp-json\/wp\/v2\/comments?post=9538"}],"version-history":[{"count":18,"href":"https:\/\/www.biloba-it.de\/en\/wp-json\/wp\/v2\/pages\/9538\/revisions"}],"predecessor-version":[{"id":9823,"href":"https:\/\/www.biloba-it.de\/en\/wp-json\/wp\/v2\/pages\/9538\/revisions\/9823"}],"wp:attachment":[{"href":"https:\/\/www.biloba-it.de\/en\/wp-json\/wp\/v2\/media?parent=9538"}],"curies":[{"name":"wp","href":"https:\/\/api.w.org\/{rel}","templated":true}]}}